{"id":13,"date":"2015-11-09T11:47:31","date_gmt":"2015-11-09T10:47:31","guid":{"rendered":"http:\/\/cmppredogt.cluster005.ovh.net\/?page_id=13"},"modified":"2025-05-13T13:56:07","modified_gmt":"2025-05-13T12:56:07","slug":"en-bref","status":"publish","type":"page","link":"https:\/\/www.cmppredon.fr\/?page_id=13","title":{"rendered":"En bref&#8230;"},"content":{"rendered":"\n<div class=\"wp-block-file\"><a id=\"wp-block-file--media-5b08f9c3-63f9-4a83-8c50-2742abbe13a4\" href=\"http:\/\/cmppredogt.cluster005.ovh.net\/wp-content\/uploads\/2020\/10\/Le-Coronavirus-explique-par-mon-pedopsychiatre.compressed.pdf\">Le-Coronavirus-expliqu\u00e9-par-mon-p\u00e9dopsychiatre.compressed<\/a><a href=\"http:\/\/cmppredogt.cluster005.ovh.net\/wp-content\/uploads\/2020\/10\/Le-Coronavirus-explique-par-mon-pedopsychiatre.compressed.pdf\" class=\"wp-block-file__button wp-element-button\" download aria-describedby=\"wp-block-file--media-5b08f9c3-63f9-4a83-8c50-2742abbe13a4\">T\u00e9l\u00e9charger<\/a><\/div>\n\n\n\n<figure class=\"wp-block-gallery has-nested-images columns-default is-cropped wp-block-gallery-1 is-layout-flex wp-block-gallery-is-layout-flex\"><\/figure>\n\n\n\n<p><\/p>\n\n\n\n<p class=\"has-medium-font-size\"><a href=\"https:\/\/www.cmppredon.fr\/wp-content\/uploads\/2025\/05\/version-3-ji-28.09.23-1.pdf\">apr\u00e8s-midi r\u00e9flexion-d\u00e9bat sur le th\u00e8me de \u00ab\u00a0Accueil, rencontre et variations\u00a0\u00bb<\/a>version<a href=\"https:\/\/www.cmppredon.fr\/wp-content\/uploads\/2025\/05\/version-3-ji-28.09.23-1.pdf\">-3-ji-28.09.23-1.pdf<\/a><\/p>\n\n\n\n<figure class=\"wp-block-image size-full\"><a href=\"https:\/\/www.cmppredon.fr\/wp-content\/uploads\/2019\/11\/maison-.png\"><img fetchpriority=\"high\" decoding=\"async\" width=\"520\" height=\"432\" src=\"https:\/\/www.cmppredon.fr\/wp-content\/uploads\/2019\/11\/maison-.png\" alt=\"\" class=\"wp-image-171\" srcset=\"https:\/\/www.cmppredon.fr\/wp-content\/uploads\/2019\/11\/maison-.png 520w, https:\/\/www.cmppredon.fr\/wp-content\/uploads\/2019\/11\/maison--300x249.png 300w\" sizes=\"(max-width: 520px) 100vw, 520px\" \/><\/a><\/figure>\n","protected":false},"excerpt":{"rendered":"<p>apr\u00e8s-midi r\u00e9flexion-d\u00e9bat sur le th\u00e8me de \u00ab\u00a0Accueil, rencontre et variations\u00a0\u00bbversion-3-ji-28.09.23-1.pdf<\/p>\n","protected":false},"author":1,"featured_media":0,"parent":0,"menu_order":7,"comment_status":"closed","ping_status":"closed","template":"templates\/template-full.php","meta":{"footnotes":""},"class_list":["post-13","page","type-page","status-publish","hentry","post"],"_links":{"self":[{"href":"https:\/\/www.cmppredon.fr\/index.php?rest_route=\/wp\/v2\/pages\/13","targetHints":{"allow":["GET"]}}],"collection":[{"href":"https:\/\/www.cmppredon.fr\/index.php?rest_route=\/wp\/v2\/pages"}],"about":[{"href":"https:\/\/www.cmppredon.fr\/index.php?rest_route=\/wp\/v2\/types\/page"}],"author":[{"embeddable":true,"href":"https:\/\/www.cmppredon.fr\/index.php?rest_route=\/wp\/v2\/users\/1"}],"replies":[{"embeddable":true,"href":"https:\/\/www.cmppredon.fr\/index.php?rest_route=%2Fwp%2Fv2%2Fcomments&post=13"}],"version-history":[{"count":27,"href":"https:\/\/www.cmppredon.fr\/index.php?rest_route=\/wp\/v2\/pages\/13\/revisions"}],"predecessor-version":[{"id":505,"href":"https:\/\/www.cmppredon.fr\/index.php?rest_route=\/wp\/v2\/pages\/13\/revisions\/505"}],"wp:attachment":[{"href":"https:\/\/www.cmppredon.fr\/index.php?rest_route=%2Fwp%2Fv2%2Fmedia&parent=13"}],"curies":[{"name":"wp","href":"https:\/\/api.w.org\/{rel}","templated":true}]}}