{"id":404,"date":"2021-12-22T14:00:49","date_gmt":"2021-12-22T13:00:49","guid":{"rendered":"http:\/\/cmppredogt.cluster005.ovh.net\/?page_id=404"},"modified":"2022-01-14T15:55:43","modified_gmt":"2022-01-14T14:55:43","slug":"mentions-legales","status":"publish","type":"page","link":"https:\/\/www.cmppredon.fr\/?page_id=404","title":{"rendered":"Mentions l\u00e9gales"},"content":{"rendered":"<div id=\"content\" class=\"content\" role=\"main\">\n<h1><span style=\"color: #0000ff;\">Mentions l\u00e9gales<\/span><\/h1>\n<h2 style=\"text-align: left;\"><span style=\"color: #0000ff;\">NOM ET ADRESSE :<\/span><\/h2>\n<h3 style=\"text-align: left;\"><span style=\"color: #0000ff;\">CMPP &#8211; Centre M\u00e9dico-Psycho-P\u00e9dagogique<\/span><\/h3>\n<p style=\"text-align: left;\"><span style=\"color: #0000ff;\">Adresse : 12 Rue des Chaffauds &#8211; 35600 REDON<\/span><br \/>\n<span style=\"color: #0000ff;\">T\u00e9l. : 02 99 71 29 86<\/span><br \/>\n<span style=\"color: #0000ff;\">Mail : accueil.cmppredon@aosj.fr<\/span><br \/>\n<span style=\"color: #0000ff;\">Responsable de la publication : Madame Peggy FILOCHE &#8211; Directrice<\/span><\/p>\n<p style=\"text-align: left;\"><span style=\"color: #0000ff;\">Le site cmppredon.fr est la propri\u00e9t\u00e9 du CMPP.<\/span><\/p>\n<h2 style=\"text-align: left;\"><span style=\"color: #0000ff;\">HEBERGEMENT<\/span><\/h2>\n<p style=\"text-align: left;\"><span style=\"color: #0000ff;\">OVH SAS<\/span><br \/>\n<span style=\"color: #0000ff;\">Si\u00e8ge social : 2 rue Kellermann<\/span><br \/>\n<span style=\"color: #0000ff;\">59100 Roubaix \/ France<\/span><\/p>\n<h2 style=\"text-align: left;\"><span style=\"color: #0000ff;\">DROITS D\u2019AUTEUR<\/span><\/h2>\n<p style=\"text-align: left;\"><span style=\"color: #0000ff;\">L\u2019ensemble de ce site rel\u00e8ve de la l\u00e9gislation fran\u00e7aise et internationale sur le droit d\u2019auteur et la propri\u00e9t\u00e9 intellectuelle. Tous les droits de reproduction sont r\u00e9serv\u00e9s, y compris pour les documents t\u00e9l\u00e9chargeables et les repr\u00e9sentations iconographiques et visuelles. La reproduction de tout ou d\u2019une partie de ce site sur un support quel qu\u2019il soit est formellement interdite sauf autorisation expresse.<\/span><\/p>\n<h2 style=\"text-align: left;\"><span style=\"color: #0000ff;\">LIENS HYPERTEXTES<\/span><\/h2>\n<p style=\"text-align: left;\"><span style=\"color: #0000ff;\">Ce site contient des liens hypertextes permettant l\u2019acc\u00e8s \u00e0 des sites qui ne sont pas \u00e9dit\u00e9s par le responsable de ce site.<\/span><br \/>\n<span style=\"color: #0000ff;\">En cons\u00e9quence le directeur de la publication ne saurait \u00eatre tenu pour responsable du contenu des sites auxquels l\u2019internaute aurait ainsi acc\u00e8s.<\/span><\/p>\n<h1 style=\"text-align: left;\"><span style=\"color: #0000ff;\"><strong>Politique de confidentialit\u00e9<\/strong><\/span><\/h1>\n<h2 style=\"text-align: left;\"><span style=\"color: #0000ff;\">Utilisation des donn\u00e9es personnelles collect\u00e9es<\/span><\/h2>\n<p style=\"text-align: left;\"><span style=\"color: #0000ff;\">Les donn\u00e9es vous concernant collect\u00e9es dans le cadre des t\u00e9l\u00e9proc\u00e9dures, de formulaires, sont confidentielles et ne sont en aucun cas communiqu\u00e9es \u00e0 des tiers.<\/span><br \/>\n<span style=\"color: #0000ff;\">Vous disposez d\u2019un droit d\u2019acc\u00e8s, de modification, de rectification et de suppression des donn\u00e9es personnelles conserv\u00e9es.<\/span><\/p>\n<h2 style=\"text-align: left;\"><span style=\"color: #0000ff;\"><span style=\"vertical-align: inherit;\"><span style=\"vertical-align: inherit;\">Biscuits<\/span><\/span><\/span><\/h2>\n<p style=\"text-align: left;\"><span style=\"color: #0000ff;\">Nous vous informons que nous utilisons des \u00ab cookies \u00bb. Les cookies sont de petits fichiers texte d\u00e9pos\u00e9s sur votre ordinateur lors de la visite de nos sites.<\/span><\/p>\n<p style=\"text-align: left;\"><span style=\"color: #0000ff;\">Ils ont pour but de collecter des informations relatives \u00e0 votre navigation et de nous permettre de tenir des statistiques sur le trafic de nos sites via Google analytics (nombre de visiteurs, dur\u00e9e moyenne des visites, nombre de pages vues, pages consult\u00e9es\u2026). Ils permettent \u00e9galement de vous faire profiter des fonctionnalit\u00e9s des sites telles que partager des articles et des vid\u00e9os sur les r\u00e9seaux sociaux, envoyer des articles \u00e0 des amis\u2026<\/span><\/p>\n<p style=\"text-align: left;\"><span style=\"color: #0000ff;\">En aucun cas, les cookies ne nous permettent de vous identifier personnellement.<\/span><\/p>\n<p style=\"text-align: left;\"><span style=\"color: #0000ff;\">Dans votre ordinateur, les cookies sont g\u00e9r\u00e9s par votre navigateur internet.<\/span><\/p>\n<h4 style=\"text-align: left;\"><span style=\"color: #0000ff;\">Accepter ou refuser les cookies<\/span><\/h4>\n<p style=\"text-align: left;\"><span style=\"color: #0000ff;\">Vous pouvez d\u00e9sactiver les cookies dans les options de votre navigateur internet.<\/span><\/p>\n<p style=\"text-align: left;\"><span style=\"color: #0000ff;\">En savoir plus sur la fonction des cookies sur\u00a0<a class=\"external\" style=\"color: #0000ff;\" href=\"http:\/\/logi10.xiti.com\/go.click?xts=486765&amp;s2=3&amp;p=cookie_cnil&amp;clic=S&amp;type=click&amp;url=http:\/\/www.cnil.fr\/vos-obligations\/sites-web-cookies-et-autres-traceurs\">Cnil.fr<\/a>.<\/span><\/p>\n<\/div>\n","protected":false},"excerpt":{"rendered":"<p>Mentions l\u00e9gales NOM ET ADRESSE : CMPP &#8211; Centre M\u00e9dico-Psycho-P\u00e9dagogique Adresse : 12 Rue des Chaffauds &#8211; 35600 REDON T\u00e9l. : 02 99 71 29 86 Mail : accueil.cmppredon@aosj.fr Responsable de la publication : Madame Peggy FILOCHE &#8211; Directrice Le site cmppredon.fr est la propri\u00e9t\u00e9 du CMPP. HEBERGEMENT OVH SAS Si\u00e8ge social : 2 rue [&hellip;]<\/p>\n","protected":false},"author":1,"featured_media":0,"parent":0,"menu_order":0,"comment_status":"closed","ping_status":"closed","template":"","meta":{"footnotes":""},"class_list":["post-404","page","type-page","status-publish","hentry","post"],"_links":{"self":[{"href":"https:\/\/www.cmppredon.fr\/index.php?rest_route=\/wp\/v2\/pages\/404","targetHints":{"allow":["GET"]}}],"collection":[{"href":"https:\/\/www.cmppredon.fr\/index.php?rest_route=\/wp\/v2\/pages"}],"about":[{"href":"https:\/\/www.cmppredon.fr\/index.php?rest_route=\/wp\/v2\/types\/page"}],"author":[{"embeddable":true,"href":"https:\/\/www.cmppredon.fr\/index.php?rest_route=\/wp\/v2\/users\/1"}],"replies":[{"embeddable":true,"href":"https:\/\/www.cmppredon.fr\/index.php?rest_route=%2Fwp%2Fv2%2Fcomments&post=404"}],"version-history":[{"count":7,"href":"https:\/\/www.cmppredon.fr\/index.php?rest_route=\/wp\/v2\/pages\/404\/revisions"}],"predecessor-version":[{"id":431,"href":"https:\/\/www.cmppredon.fr\/index.php?rest_route=\/wp\/v2\/pages\/404\/revisions\/431"}],"wp:attachment":[{"href":"https:\/\/www.cmppredon.fr\/index.php?rest_route=%2Fwp%2Fv2%2Fmedia&parent=404"}],"curies":[{"name":"wp","href":"https:\/\/api.w.org\/{rel}","templated":true}]}}