{"id":7,"date":"2015-11-09T11:46:26","date_gmt":"2015-11-09T10:46:26","guid":{"rendered":"http:\/\/cmppredogt.cluster005.ovh.net\/?page_id=7"},"modified":"2021-12-21T16:27:58","modified_gmt":"2021-12-21T15:27:58","slug":"lequipe","status":"publish","type":"page","link":"https:\/\/www.cmppredon.fr\/?page_id=7","title":{"rendered":"L&rsquo;Equipe"},"content":{"rendered":"<p style=\"text-align: left;\"><span style=\"color: #3366ff;\"><strong>L\u2019\u00e9quipe de direction<\/strong> se compose d\u2019une directrice administrative, Peggy FILOCHE et d\u2019un m\u00e9decin-directeur, Dr Anne-Sophie MAILHES.<\/span><\/p>\n<p style=\"text-align: left;\"><span style=\"color: #3366ff;\"><strong>L\u2019\u00e9quipe clinique<\/strong> se compose d&rsquo;un m\u00e9decin p\u00e9dopsychiatre, de 5 psychologues-psychoth\u00e9rapeutes, de 2 orthophonistes, de 2 psychomotriciennes.<\/span><\/p>\n<p style=\"text-align: left;\"><span style=\"color: #3366ff;\"><strong>Le service administratif<\/strong> se compose d&rsquo;une assistante de direction et d\u2019une comptable &#8211; cheffe de service.<\/span><\/p>\n<p style=\"text-align: left;\"><span style=\"color: #3366ff;\"><strong>Les services g\u00e9n\u00e9raux<\/strong> se compose d&rsquo;un agent d\u2019entretien.<\/span><\/p>\n<p style=\"text-align: left;\">\n","protected":false},"excerpt":{"rendered":"<p>L\u2019\u00e9quipe de direction se compose d\u2019une directrice administrative, Peggy FILOCHE et d\u2019un m\u00e9decin-directeur, Dr Anne-Sophie MAILHES. L\u2019\u00e9quipe clinique se compose d&rsquo;un m\u00e9decin p\u00e9dopsychiatre, de 5 psychologues-psychoth\u00e9rapeutes, de 2 orthophonistes, de 2 psychomotriciennes. Le service administratif se compose d&rsquo;une assistante de direction et d\u2019une comptable &#8211; cheffe de service. Les services g\u00e9n\u00e9raux se compose d&rsquo;un agent [&hellip;]<\/p>\n","protected":false},"author":1,"featured_media":0,"parent":0,"menu_order":4,"comment_status":"closed","ping_status":"closed","template":"","meta":{"footnotes":""},"class_list":["post-7","page","type-page","status-publish","hentry","post"],"_links":{"self":[{"href":"https:\/\/www.cmppredon.fr\/index.php?rest_route=\/wp\/v2\/pages\/7","targetHints":{"allow":["GET"]}}],"collection":[{"href":"https:\/\/www.cmppredon.fr\/index.php?rest_route=\/wp\/v2\/pages"}],"about":[{"href":"https:\/\/www.cmppredon.fr\/index.php?rest_route=\/wp\/v2\/types\/page"}],"author":[{"embeddable":true,"href":"https:\/\/www.cmppredon.fr\/index.php?rest_route=\/wp\/v2\/users\/1"}],"replies":[{"embeddable":true,"href":"https:\/\/www.cmppredon.fr\/index.php?rest_route=%2Fwp%2Fv2%2Fcomments&post=7"}],"version-history":[{"count":12,"href":"https:\/\/www.cmppredon.fr\/index.php?rest_route=\/wp\/v2\/pages\/7\/revisions"}],"predecessor-version":[{"id":426,"href":"https:\/\/www.cmppredon.fr\/index.php?rest_route=\/wp\/v2\/pages\/7\/revisions\/426"}],"wp:attachment":[{"href":"https:\/\/www.cmppredon.fr\/index.php?rest_route=%2Fwp%2Fv2%2Fmedia&parent=7"}],"curies":[{"name":"wp","href":"https:\/\/api.w.org\/{rel}","templated":true}]}}